{"id":643,"date":"2026-04-11T06:12:33","date_gmt":"2026-04-11T04:12:33","guid":{"rendered":"https:\/\/pawiaodnowa.pl\/?page_id=643"},"modified":"2026-04-11T06:20:59","modified_gmt":"2026-04-11T04:20:59","slug":"lokalizacja","status":"publish","type":"page","link":"https:\/\/pawiaodnowa.pl\/?page_id=643","title":{"rendered":"Lokalizacja:"},"content":{"rendered":"\n<p>Pawia Odnowa to gotowe mieszkania na sprzeda\u017c na Wojszycach we Wroc\u0142awiu. Sprawd\u017a zalety lokalizacji, dost\u0119p do infrastruktury, teren\u00f3w zielonych i wygodny dojazd do centrum miasta.<\/p>\n\n\n\n<p style=\"margin-top:var(--wp--preset--spacing--30);margin-bottom:var(--wp--preset--spacing--30)\"><strong>Spokojna cz\u0119\u015b\u0107 Wroc\u0142awia<\/strong><\/p>\n\n\n\n<p style=\"margin-top:var(--wp--preset--spacing--30);margin-bottom:var(--wp--preset--spacing--30)\">Wojszyce to dzielnica wybierana przez osoby, kt\u00f3re ceni\u0105 cisz\u0119, uporz\u0105dkowan\u0105 zabudow\u0119 oraz bardziej kameralne otoczenie ni\u017c w g\u0119sto zabudowanych cz\u0119\u015bciach miasta. Lokalizacja inwestycji sprzyja zar\u00f3wno codziennemu \u017cyciu rodzinnemu, jak i pracy zdalnej.<\/p>\n\n\n\n<p><strong>Dobra komunikacja z centrum<\/strong><\/p>\n\n\n\n<p>Po\u0142o\u017cenie inwestycji zapewnia dogodny dojazd do centrum Wroc\u0142awia oraz do innych cz\u0119\u015bci miasta. W pobli\u017cu znajduj\u0105 si\u0119 przystanki komunikacji miejskiej, a uk\u0142ad drogowy pozwala sprawnie porusza\u0107 si\u0119 zar\u00f3wno samochodem, jak i transportem publicznym.<\/p>\n\n\n\n<div class=\"wp-block-columns is-layout-flex wp-container-core-columns-is-layout-28f84493 wp-block-columns-is-layout-flex\">\n<div class=\"wp-block-column is-layout-flow wp-block-column-is-layout-flow\">\n<figure class=\"wp-block-image size-large\"><img loading=\"lazy\" decoding=\"async\" width=\"1024\" height=\"576\" src=\"https:\/\/pawiaodnowa.pl\/wp-content\/uploads\/2026\/04\/Zdjecie-20.10.2024-14-46-44-1-1024x576.jpg\" alt=\"Widok z lotu ptaka na Wojszyce we Wroc\u0142awiu oraz okolic\u0119 inwestycji Pawia Odnowa\" class=\"wp-image-644\" srcset=\"https:\/\/pawiaodnowa.pl\/wp-content\/uploads\/2026\/04\/Zdjecie-20.10.2024-14-46-44-1-1024x576.jpg 1024w, https:\/\/pawiaodnowa.pl\/wp-content\/uploads\/2026\/04\/Zdjecie-20.10.2024-14-46-44-1-300x169.jpg 300w, https:\/\/pawiaodnowa.pl\/wp-content\/uploads\/2026\/04\/Zdjecie-20.10.2024-14-46-44-1-768x432.jpg 768w, https:\/\/pawiaodnowa.pl\/wp-content\/uploads\/2026\/04\/Zdjecie-20.10.2024-14-46-44-1-1536x864.jpg 1536w, https:\/\/pawiaodnowa.pl\/wp-content\/uploads\/2026\/04\/Zdjecie-20.10.2024-14-46-44-1.jpg 1920w\" sizes=\"auto, (max-width: 1024px) 100vw, 1024px\" \/><\/figure>\n<\/div>\n\n\n\n<div class=\"wp-block-column is-layout-flow wp-block-column-is-layout-flow\">\n<h3 class=\"wp-block-heading has-medium-font-size\"><strong>Codzienna infrastruktura w zasi\u0119gu r\u0119ki<\/strong><\/h3>\n\n\n\n<p style=\"font-size:14px\">W najbli\u017cszym otoczeniu dost\u0119pne s\u0105 sklepy, punkty us\u0142ugowe, szko\u0142y, przedszkola oraz miejsca potrzebne do codziennego funkcjonowania. Dzi\u0119ki temu mieszka\u0144cy mog\u0105 korzysta\u0107 z zalet spokojnej okolicy bez rezygnacji z wygody miejskiego \u017cycia.<\/p>\n<\/div>\n<\/div>\n\n\n\n<div class=\"wp-block-columns is-layout-flex wp-container-core-columns-is-layout-28f84493 wp-block-columns-is-layout-flex\">\n<div class=\"wp-block-column is-layout-flow wp-block-column-is-layout-flow\">\n<p style=\"margin-top:var(--wp--preset--spacing--30);margin-bottom:var(--wp--preset--spacing--30)\"><strong>Inwestycja Pawia Odnowa<\/strong>&nbsp;zlokalizowana jest w jednej z najbardziej komfortowych i cenionych cz\u0119\u015bci po\u0142udniowego Wroc\u0142awia \u2013 w dzielnicy&nbsp;<strong>Wojszyce<\/strong>, kt\u00f3ra \u0142\u0105czy kameralny charakter zabudowy z bardzo dobr\u0105 dost\u0119pno\u015bci\u0105 infrastruktury miejskiej. To miejsce idealne dla os\u00f3b poszukuj\u0105cych spokoju, bez rezygnacji z wyg\u00f3d codziennego \u017cycia.<\/p>\n\n\n\n<p>Wojszyce to dobrze rozwini\u0119ta cz\u0119\u015b\u0107 miasta z dogodnym dost\u0119pem do komunikacji miejskiej \u2013 w najbli\u017cszej okolicy funkcjonuje kilka linii autobusowych, zapewniaj\u0105cych szybki dojazd zar\u00f3wno do centrum Wroc\u0142awia, jak i innych dzielnic miasta.<\/p>\n\n\n\n<p><\/p>\n<\/div>\n\n\n\n<div class=\"wp-block-column is-layout-flow wp-block-column-is-layout-flow\">\n<p><iframe loading=\"lazy\" style=\"border: 0;\" src=\"https:\/\/www.google.com\/maps?q=Pawia+38,+Wroc%C5%82aw&amp;t=p&amp;z=15&amp;output=embed\" width=\"100%\" height=\"450\" allowfullscreen=\"allowfullscreen\"><br \/><\/iframe><\/p>\n<\/div>\n<\/div>\n\n\n\n<div class=\"wp-block-columns has-background is-layout-flex wp-container-core-columns-is-layout-28f84493 wp-block-columns-is-layout-flex\" style=\"background-color:#ececec\">\n<div class=\"wp-block-column is-layout-flow wp-block-column-is-layout-flow\" style=\"flex-basis:50%\">\n<figure class=\"wp-block-gallery has-nested-images columns-default is-cropped wp-block-gallery-2 is-layout-flex wp-block-gallery-is-layout-flex\">\n<figure class=\"wp-block-image size-large\"><img loading=\"lazy\" decoding=\"async\" width=\"1024\" height=\"768\" data-id=\"340\" src=\"https:\/\/pawiaodnowa.pl\/wp-content\/uploads\/2026\/01\/IMG_4910-1024x768.jpg\" alt=\"Kwietnik z tulipanami przy inwestycji Pawia Odnowa na Wojszycach we Wroc\u0142awiu\" class=\"wp-image-340\" srcset=\"https:\/\/pawiaodnowa.pl\/wp-content\/uploads\/2026\/01\/IMG_4910-1024x768.jpg 1024w, https:\/\/pawiaodnowa.pl\/wp-content\/uploads\/2026\/01\/IMG_4910-300x225.jpg 300w, https:\/\/pawiaodnowa.pl\/wp-content\/uploads\/2026\/01\/IMG_4910-768x576.jpg 768w, https:\/\/pawiaodnowa.pl\/wp-content\/uploads\/2026\/01\/IMG_4910-1536x1152.jpg 1536w, https:\/\/pawiaodnowa.pl\/wp-content\/uploads\/2026\/01\/IMG_4910-2048x1536.jpg 2048w\" sizes=\"auto, (max-width: 1024px) 100vw, 1024px\" \/><\/figure>\n\n\n\n<figure class=\"wp-block-image size-large\"><img loading=\"lazy\" decoding=\"async\" width=\"1024\" height=\"768\" data-id=\"339\" src=\"https:\/\/pawiaodnowa.pl\/wp-content\/uploads\/2026\/01\/IMG_3222-1024x768.jpeg\" alt=\"Za\u015bnie\u017cona alejka i ziele\u0144 w Parku Wojszyce we Wroc\u0142awiu, w pobli\u017cu inwestycji Pawia Odnowa\" class=\"wp-image-339\" srcset=\"https:\/\/pawiaodnowa.pl\/wp-content\/uploads\/2026\/01\/IMG_3222-1024x768.jpeg 1024w, https:\/\/pawiaodnowa.pl\/wp-content\/uploads\/2026\/01\/IMG_3222-300x225.jpeg 300w, https:\/\/pawiaodnowa.pl\/wp-content\/uploads\/2026\/01\/IMG_3222-768x576.jpeg 768w, https:\/\/pawiaodnowa.pl\/wp-content\/uploads\/2026\/01\/IMG_3222-1536x1152.jpeg 1536w, https:\/\/pawiaodnowa.pl\/wp-content\/uploads\/2026\/01\/IMG_3222-2048x1536.jpeg 2048w\" sizes=\"auto, (max-width: 1024px) 100vw, 1024px\" \/><\/figure>\n\n\n\n<figure class=\"wp-block-image size-large\"><img loading=\"lazy\" decoding=\"async\" width=\"1024\" height=\"576\" data-id=\"337\" src=\"https:\/\/pawiaodnowa.pl\/wp-content\/uploads\/2026\/01\/IMG_2887-1024x576.jpeg\" alt=\"Widok na Zielony Klin Wojszycki w pobli\u017cu inwestycji Pawia Odnowa we Wroc\u0142awiu\" class=\"wp-image-337\" srcset=\"https:\/\/pawiaodnowa.pl\/wp-content\/uploads\/2026\/01\/IMG_2887-1024x576.jpeg 1024w, https:\/\/pawiaodnowa.pl\/wp-content\/uploads\/2026\/01\/IMG_2887-300x169.jpeg 300w, https:\/\/pawiaodnowa.pl\/wp-content\/uploads\/2026\/01\/IMG_2887-768x432.jpeg 768w, https:\/\/pawiaodnowa.pl\/wp-content\/uploads\/2026\/01\/IMG_2887-1536x864.jpeg 1536w, https:\/\/pawiaodnowa.pl\/wp-content\/uploads\/2026\/01\/IMG_2887-2048x1152.jpeg 2048w\" sizes=\"auto, (max-width: 1024px) 100vw, 1024px\" \/><\/figure>\n\n\n\n<figure class=\"wp-block-image size-large\"><img loading=\"lazy\" decoding=\"async\" width=\"1024\" height=\"576\" data-id=\"338\" src=\"https:\/\/pawiaodnowa.pl\/wp-content\/uploads\/2026\/01\/IMG_2888-1024x576.jpeg\" alt=\"Zielony Klin Wojszycki \u2013 tereny zielone w okolicy inwestycji\" class=\"wp-image-338\" srcset=\"https:\/\/pawiaodnowa.pl\/wp-content\/uploads\/2026\/01\/IMG_2888-1024x576.jpeg 1024w, https:\/\/pawiaodnowa.pl\/wp-content\/uploads\/2026\/01\/IMG_2888-300x169.jpeg 300w, https:\/\/pawiaodnowa.pl\/wp-content\/uploads\/2026\/01\/IMG_2888-768x432.jpeg 768w, https:\/\/pawiaodnowa.pl\/wp-content\/uploads\/2026\/01\/IMG_2888-1536x864.jpeg 1536w, https:\/\/pawiaodnowa.pl\/wp-content\/uploads\/2026\/01\/IMG_2888-2048x1152.jpeg 2048w\" sizes=\"auto, (max-width: 1024px) 100vw, 1024px\" \/><\/figure>\n\n\n\n<figure class=\"wp-block-image size-large\"><img loading=\"lazy\" decoding=\"async\" width=\"768\" height=\"1024\" data-id=\"335\" src=\"https:\/\/pawiaodnowa.pl\/wp-content\/uploads\/2026\/01\/IMG_0261-768x1024.jpeg\" alt=\"Zielone tereny i otwarta przestrze\u0144 w okolicy Wojszyc we Wroc\u0142awiu, w pobli\u017cu inwestycji Pawia Odnowa\" class=\"wp-image-335\" srcset=\"https:\/\/pawiaodnowa.pl\/wp-content\/uploads\/2026\/01\/IMG_0261-768x1024.jpeg 768w, https:\/\/pawiaodnowa.pl\/wp-content\/uploads\/2026\/01\/IMG_0261-225x300.jpeg 225w, https:\/\/pawiaodnowa.pl\/wp-content\/uploads\/2026\/01\/IMG_0261-1152x1536.jpeg 1152w, https:\/\/pawiaodnowa.pl\/wp-content\/uploads\/2026\/01\/IMG_0261-1536x2048.jpeg 1536w, https:\/\/pawiaodnowa.pl\/wp-content\/uploads\/2026\/01\/IMG_0261-scaled.jpeg 1920w\" sizes=\"auto, (max-width: 768px) 100vw, 768px\" \/><\/figure>\n<\/figure>\n<\/div>\n\n\n\n<div class=\"wp-block-column is-layout-flow wp-block-column-is-layout-flow\" style=\"flex-basis:50%\">\n<p style=\"margin-top:var(--wp--preset--spacing--40);margin-bottom:var(--wp--preset--spacing--40);padding-top:var(--wp--preset--spacing--40);padding-bottom:var(--wp--preset--spacing--40)\">Okolica inwestycji to nie tylko pe\u0142na infrastruktura miejska \u2013 to tak\u017ce&nbsp;<strong>atrakcyjne tereny zielone i miejsca rekreacji<\/strong>, kt\u00f3re znacz\u0105co podnosz\u0105 komfort \u017cycia mieszka\u0144c\u00f3w.<\/p>\n\n\n\n<p style=\"margin-top:var(--wp--preset--spacing--60);margin-bottom:var(--wp--preset--spacing--60);padding-top:var(--wp--preset--spacing--30);padding-bottom:var(--wp--preset--spacing--30)\">W s\u0105siedztwie znajduje si\u0119&nbsp;<strong>Park Wojszyce<\/strong>&nbsp;\u2013 zielony skwer z \u0142awkami, miejscem do gier i spacer\u00f3w oraz placem zabaw, idealny na rodzinne spacery i aktywny wypoczynek na \u015bwie\u017cym powietrzu.&nbsp;&nbsp;<\/p>\n\n\n\n<p style=\"margin-top:var(--wp--preset--spacing--60);margin-bottom:var(--wp--preset--spacing--60);padding-top:var(--wp--preset--spacing--40);padding-bottom:var(--wp--preset--spacing--40)\">Dodatkowo, zaledwie kilkaset metr\u00f3w od inwestycji planowana jest realizacja&nbsp;<strong>Zielonego Klina Wojszyckiego<\/strong>&nbsp;\u2013 du\u017cego obszaru zielonego mi\u0119dzy Wojszycami i s\u0105siednimi osiedlami, kt\u00f3ry ma sta\u0107 si\u0119 przestrzeni\u0105 rekreacji, spacer\u00f3w i kontaktu z natur\u0105.<\/p>\n<\/div>\n<\/div>\n","protected":false},"excerpt":{"rendered":"<p>Pawia Odnowa to gotowe mieszkania na sprzeda\u017c na Wojszycach we Wroc\u0142awiu. Sprawd\u017a zalety lokalizacji, dost\u0119p do infrastruktury, teren\u00f3w zielonych i [&hellip;]<\/p>\n","protected":false},"author":1,"featured_media":0,"parent":0,"menu_order":0,"comment_status":"closed","ping_status":"closed","template":"","meta":{"site-sidebar-layout":"default","site-content-layout":"","ast-site-content-layout":"default","site-content-style":"default","site-sidebar-style":"default","ast-global-header-display":"","ast-banner-title-visibility":"","ast-main-header-display":"","ast-hfb-above-header-display":"","ast-hfb-below-header-display":"","ast-hfb-mobile-header-display":"","site-post-title":"","ast-breadcrumbs-content":"","ast-featured-img":"","footer-sml-layout":"","ast-disable-related-posts":"","theme-transparent-header-meta":"","adv-header-id-meta":"","stick-header-meta":"","header-above-stick-meta":"","header-main-stick-meta":"","header-below-stick-meta":"","astra-migrate-meta-layouts":"default","ast-page-background-enabled":"default","ast-page-background-meta":{"desktop":{"background-color":"var(--ast-global-color-5)","background-image":"","background-repeat":"repeat","background-position":"center center","background-size":"auto","background-attachment":"scroll","background-type":"","background-media":"","overlay-type":"","overlay-color":"","overlay-opacity":"","overlay-gradient":""},"tablet":{"background-color":"","background-image":"","background-repeat":"repeat","background-position":"center center","background-size":"auto","background-attachment":"scroll","background-type":"","background-media":"","overlay-type":"","overlay-color":"","overlay-opacity":"","overlay-gradient":""},"mobile":{"background-color":"","background-image":"","background-repeat":"repeat","background-position":"center center","background-size":"auto","background-attachment":"scroll","background-type":"","background-media":"","overlay-type":"","overlay-color":"","overlay-opacity":"","overlay-gradient":""}},"ast-content-background-meta":{"desktop":{"background-color":"var(--ast-global-color-4)","background-image":"","background-repeat":"repeat","background-position":"center center","background-size":"auto","background-attachment":"scroll","background-type":"","background-media":"","overlay-type":"","overlay-color":"","overlay-opacity":"","overlay-gradient":""},"tablet":{"background-color":"var(--ast-global-color-4)","background-image":"","background-repeat":"repeat","background-position":"center center","background-size":"auto","background-attachment":"scroll","background-type":"","background-media":"","overlay-type":"","overlay-color":"","overlay-opacity":"","overlay-gradient":""},"mobile":{"background-color":"var(--ast-global-color-4)","background-image":"","background-repeat":"repeat","background-position":"center center","background-size":"auto","background-attachment":"scroll","background-type":"","background-media":"","overlay-type":"","overlay-color":"","overlay-opacity":"","overlay-gradient":""}},"footnotes":""},"class_list":["post-643","page","type-page","status-publish","hentry"],"yoast_head":"<!-- This site is optimized with the Yoast SEO plugin v27.3 - https:\/\/yoast.com\/product\/yoast-seo-wordpress\/ -->\n<title>Mieszkania Wojszyce Wroc\u0142aw \u2013 lokalizacja | Pawia Odnowa<\/title>\n<meta name=\"description\" content=\"Mieszkania Wojszyce Wroc\u0142aw w inwestycji Pawia Odnowa to po\u0142\u0105czenie spokojnej lokalizacji, zielonych teren\u00f3w, infrastruktury i wygodnego dojazdu do centrum miasta.\" \/>\n<meta name=\"robots\" content=\"index, follow, max-snippet:-1, max-image-preview:large, max-video-preview:-1\" \/>\n<link rel=\"canonical\" href=\"https:\/\/pawiaodnowa.pl\/?page_id=643\" \/>\n<meta property=\"og:locale\" content=\"pl_PL\" \/>\n<meta property=\"og:type\" content=\"article\" \/>\n<meta property=\"og:title\" content=\"Nowe mieszkania \u2022 kameralna inwestycja Gotowe do odbioru\" \/>\n<meta property=\"og:description\" content=\"Mieszkania Wojszyce Wroc\u0142aw w inwestycji Pawia Odnowa to po\u0142\u0105czenie spokojnej lokalizacji, zielonych teren\u00f3w, infrastruktury i wygodnego dojazdu do centrum miasta.\" \/>\n<meta property=\"og:url\" content=\"https:\/\/pawiaodnowa.pl\/?page_id=643\" \/>\n<meta property=\"og:site_name\" content=\"Pawia od Nowa\" \/>\n<meta property=\"article:modified_time\" content=\"2026-04-11T04:20:59+00:00\" \/>\n<meta property=\"og:image\" content=\"https:\/\/pawiaodnowa.pl\/wp-content\/uploads\/2026\/01\/Zdjecie-20.10.2024-14-48-22-scaled.jpg\" \/>\n\t<meta property=\"og:image:width\" content=\"2560\" \/>\n\t<meta property=\"og:image:height\" content=\"1440\" \/>\n\t<meta property=\"og:image:type\" content=\"image\/jpeg\" \/>\n<meta name=\"twitter:card\" content=\"summary_large_image\" \/>\n<meta name=\"twitter:label1\" content=\"Szacowany czas czytania\" \/>\n\t<meta name=\"twitter:data1\" content=\"3 minuty\" \/>\n<script type=\"application\/ld+json\" class=\"yoast-schema-graph\">{\"@context\":\"https:\\\/\\\/schema.org\",\"@graph\":[{\"@type\":\"WebPage\",\"@id\":\"https:\\\/\\\/pawiaodnowa.pl\\\/?page_id=643\",\"url\":\"https:\\\/\\\/pawiaodnowa.pl\\\/?page_id=643\",\"name\":\"Mieszkania Wojszyce Wroc\u0142aw \u2013 lokalizacja | Pawia Odnowa\",\"isPartOf\":{\"@id\":\"https:\\\/\\\/pawiaodnowa.pl\\\/#website\"},\"primaryImageOfPage\":{\"@id\":\"https:\\\/\\\/pawiaodnowa.pl\\\/?page_id=643#primaryimage\"},\"image\":{\"@id\":\"https:\\\/\\\/pawiaodnowa.pl\\\/?page_id=643#primaryimage\"},\"thumbnailUrl\":\"https:\\\/\\\/pawiaodnowa.pl\\\/wp-content\\\/uploads\\\/2026\\\/04\\\/Zdjecie-20.10.2024-14-46-44-1-1024x576.jpg\",\"datePublished\":\"2026-04-11T04:12:33+00:00\",\"dateModified\":\"2026-04-11T04:20:59+00:00\",\"description\":\"Mieszkania Wojszyce Wroc\u0142aw w inwestycji Pawia Odnowa to po\u0142\u0105czenie spokojnej lokalizacji, zielonych teren\u00f3w, infrastruktury i wygodnego dojazdu do centrum miasta.\",\"breadcrumb\":{\"@id\":\"https:\\\/\\\/pawiaodnowa.pl\\\/?page_id=643#breadcrumb\"},\"inLanguage\":\"pl-PL\",\"potentialAction\":[{\"@type\":\"ReadAction\",\"target\":[\"https:\\\/\\\/pawiaodnowa.pl\\\/?page_id=643\"]}]},{\"@type\":\"ImageObject\",\"inLanguage\":\"pl-PL\",\"@id\":\"https:\\\/\\\/pawiaodnowa.pl\\\/?page_id=643#primaryimage\",\"url\":\"https:\\\/\\\/pawiaodnowa.pl\\\/wp-content\\\/uploads\\\/2026\\\/04\\\/Zdjecie-20.10.2024-14-46-44-1.jpg\",\"contentUrl\":\"https:\\\/\\\/pawiaodnowa.pl\\\/wp-content\\\/uploads\\\/2026\\\/04\\\/Zdjecie-20.10.2024-14-46-44-1.jpg\",\"width\":1920,\"height\":1080,\"caption\":\"default\"},{\"@type\":\"BreadcrumbList\",\"@id\":\"https:\\\/\\\/pawiaodnowa.pl\\\/?page_id=643#breadcrumb\",\"itemListElement\":[{\"@type\":\"ListItem\",\"position\":1,\"name\":\"Home\",\"item\":\"https:\\\/\\\/pawiaodnowa.pl\\\/\"},{\"@type\":\"ListItem\",\"position\":2,\"name\":\"Lokalizacja:\"}]},{\"@type\":\"WebSite\",\"@id\":\"https:\\\/\\\/pawiaodnowa.pl\\\/#website\",\"url\":\"https:\\\/\\\/pawiaodnowa.pl\\\/\",\"name\":\"Pawia od Nowa\",\"description\":\"Pawia Odnowa \u2013 komfort \u017cycia w kameralnej ods\u0142onie\",\"publisher\":{\"@id\":\"https:\\\/\\\/pawiaodnowa.pl\\\/#organization\"},\"potentialAction\":[{\"@type\":\"SearchAction\",\"target\":{\"@type\":\"EntryPoint\",\"urlTemplate\":\"https:\\\/\\\/pawiaodnowa.pl\\\/?s={search_term_string}\"},\"query-input\":{\"@type\":\"PropertyValueSpecification\",\"valueRequired\":true,\"valueName\":\"search_term_string\"}}],\"inLanguage\":\"pl-PL\"},{\"@type\":\"Organization\",\"@id\":\"https:\\\/\\\/pawiaodnowa.pl\\\/#organization\",\"name\":\"Pawia od Nowa\",\"url\":\"https:\\\/\\\/pawiaodnowa.pl\\\/\",\"logo\":{\"@type\":\"ImageObject\",\"inLanguage\":\"pl-PL\",\"@id\":\"https:\\\/\\\/pawiaodnowa.pl\\\/#\\\/schema\\\/logo\\\/image\\\/\",\"url\":\"https:\\\/\\\/pawiaodnowa.pl\\\/wp-content\\\/uploads\\\/2026\\\/01\\\/cropped-cropped-Logo-Pawia-od-Nowa-akceptacja.jpg\",\"contentUrl\":\"https:\\\/\\\/pawiaodnowa.pl\\\/wp-content\\\/uploads\\\/2026\\\/01\\\/cropped-cropped-Logo-Pawia-od-Nowa-akceptacja.jpg\",\"width\":512,\"height\":356,\"caption\":\"Pawia od Nowa\"},\"image\":{\"@id\":\"https:\\\/\\\/pawiaodnowa.pl\\\/#\\\/schema\\\/logo\\\/image\\\/\"}}]}<\/script>\n<!-- \/ Yoast SEO plugin. -->","yoast_head_json":{"title":"Mieszkania Wojszyce Wroc\u0142aw \u2013 lokalizacja | Pawia Odnowa","description":"Mieszkania Wojszyce Wroc\u0142aw w inwestycji Pawia Odnowa to po\u0142\u0105czenie spokojnej lokalizacji, zielonych teren\u00f3w, infrastruktury i wygodnego dojazdu do centrum miasta.","robots":{"index":"index","follow":"follow","max-snippet":"max-snippet:-1","max-image-preview":"max-image-preview:large","max-video-preview":"max-video-preview:-1"},"canonical":"https:\/\/pawiaodnowa.pl\/?page_id=643","og_locale":"pl_PL","og_type":"article","og_title":"Nowe mieszkania \u2022 kameralna inwestycja Gotowe do odbioru","og_description":"Mieszkania Wojszyce Wroc\u0142aw w inwestycji Pawia Odnowa to po\u0142\u0105czenie spokojnej lokalizacji, zielonych teren\u00f3w, infrastruktury i wygodnego dojazdu do centrum miasta.","og_url":"https:\/\/pawiaodnowa.pl\/?page_id=643","og_site_name":"Pawia od Nowa","article_modified_time":"2026-04-11T04:20:59+00:00","og_image":[{"width":2560,"height":1440,"url":"https:\/\/pawiaodnowa.pl\/wp-content\/uploads\/2026\/01\/Zdjecie-20.10.2024-14-48-22-scaled.jpg","type":"image\/jpeg"}],"twitter_card":"summary_large_image","twitter_misc":{"Szacowany czas czytania":"3 minuty"},"schema":{"@context":"https:\/\/schema.org","@graph":[{"@type":"WebPage","@id":"https:\/\/pawiaodnowa.pl\/?page_id=643","url":"https:\/\/pawiaodnowa.pl\/?page_id=643","name":"Mieszkania Wojszyce Wroc\u0142aw \u2013 lokalizacja | Pawia Odnowa","isPartOf":{"@id":"https:\/\/pawiaodnowa.pl\/#website"},"primaryImageOfPage":{"@id":"https:\/\/pawiaodnowa.pl\/?page_id=643#primaryimage"},"image":{"@id":"https:\/\/pawiaodnowa.pl\/?page_id=643#primaryimage"},"thumbnailUrl":"https:\/\/pawiaodnowa.pl\/wp-content\/uploads\/2026\/04\/Zdjecie-20.10.2024-14-46-44-1-1024x576.jpg","datePublished":"2026-04-11T04:12:33+00:00","dateModified":"2026-04-11T04:20:59+00:00","description":"Mieszkania Wojszyce Wroc\u0142aw w inwestycji Pawia Odnowa to po\u0142\u0105czenie spokojnej lokalizacji, zielonych teren\u00f3w, infrastruktury i wygodnego dojazdu do centrum miasta.","breadcrumb":{"@id":"https:\/\/pawiaodnowa.pl\/?page_id=643#breadcrumb"},"inLanguage":"pl-PL","potentialAction":[{"@type":"ReadAction","target":["https:\/\/pawiaodnowa.pl\/?page_id=643"]}]},{"@type":"ImageObject","inLanguage":"pl-PL","@id":"https:\/\/pawiaodnowa.pl\/?page_id=643#primaryimage","url":"https:\/\/pawiaodnowa.pl\/wp-content\/uploads\/2026\/04\/Zdjecie-20.10.2024-14-46-44-1.jpg","contentUrl":"https:\/\/pawiaodnowa.pl\/wp-content\/uploads\/2026\/04\/Zdjecie-20.10.2024-14-46-44-1.jpg","width":1920,"height":1080,"caption":"default"},{"@type":"BreadcrumbList","@id":"https:\/\/pawiaodnowa.pl\/?page_id=643#breadcrumb","itemListElement":[{"@type":"ListItem","position":1,"name":"Home","item":"https:\/\/pawiaodnowa.pl\/"},{"@type":"ListItem","position":2,"name":"Lokalizacja:"}]},{"@type":"WebSite","@id":"https:\/\/pawiaodnowa.pl\/#website","url":"https:\/\/pawiaodnowa.pl\/","name":"Pawia od Nowa","description":"Pawia Odnowa \u2013 komfort \u017cycia w kameralnej ods\u0142onie","publisher":{"@id":"https:\/\/pawiaodnowa.pl\/#organization"},"potentialAction":[{"@type":"SearchAction","target":{"@type":"EntryPoint","urlTemplate":"https:\/\/pawiaodnowa.pl\/?s={search_term_string}"},"query-input":{"@type":"PropertyValueSpecification","valueRequired":true,"valueName":"search_term_string"}}],"inLanguage":"pl-PL"},{"@type":"Organization","@id":"https:\/\/pawiaodnowa.pl\/#organization","name":"Pawia od Nowa","url":"https:\/\/pawiaodnowa.pl\/","logo":{"@type":"ImageObject","inLanguage":"pl-PL","@id":"https:\/\/pawiaodnowa.pl\/#\/schema\/logo\/image\/","url":"https:\/\/pawiaodnowa.pl\/wp-content\/uploads\/2026\/01\/cropped-cropped-Logo-Pawia-od-Nowa-akceptacja.jpg","contentUrl":"https:\/\/pawiaodnowa.pl\/wp-content\/uploads\/2026\/01\/cropped-cropped-Logo-Pawia-od-Nowa-akceptacja.jpg","width":512,"height":356,"caption":"Pawia od Nowa"},"image":{"@id":"https:\/\/pawiaodnowa.pl\/#\/schema\/logo\/image\/"}}]}},"jetpack_sharing_enabled":true,"_links":{"self":[{"href":"https:\/\/pawiaodnowa.pl\/index.php?rest_route=\/wp\/v2\/pages\/643","targetHints":{"allow":["GET"]}}],"collection":[{"href":"https:\/\/pawiaodnowa.pl\/index.php?rest_route=\/wp\/v2\/pages"}],"about":[{"href":"https:\/\/pawiaodnowa.pl\/index.php?rest_route=\/wp\/v2\/types\/page"}],"author":[{"embeddable":true,"href":"https:\/\/pawiaodnowa.pl\/index.php?rest_route=\/wp\/v2\/users\/1"}],"replies":[{"embeddable":true,"href":"https:\/\/pawiaodnowa.pl\/index.php?rest_route=%2Fwp%2Fv2%2Fcomments&post=643"}],"version-history":[{"count":3,"href":"https:\/\/pawiaodnowa.pl\/index.php?rest_route=\/wp\/v2\/pages\/643\/revisions"}],"predecessor-version":[{"id":647,"href":"https:\/\/pawiaodnowa.pl\/index.php?rest_route=\/wp\/v2\/pages\/643\/revisions\/647"}],"wp:attachment":[{"href":"https:\/\/pawiaodnowa.pl\/index.php?rest_route=%2Fwp%2Fv2%2Fmedia&parent=643"}],"curies":[{"name":"wp","href":"https:\/\/api.w.org\/{rel}","templated":true}]}}